{"id":30,"date":"2022-07-31T15:15:31","date_gmt":"2022-07-31T13:15:31","guid":{"rendered":"https:\/\/www.foerderverein-bibliothek.de\/?page_id=30"},"modified":"2026-04-08T16:00:14","modified_gmt":"2026-04-08T14:00:14","slug":"impressum","status":"publish","type":"page","link":"https:\/\/www.foerderverein-bibliothek.de\/?page_id=30","title":{"rendered":"Impressum"},"content":{"rendered":"\n<p>F\u00f6rderverein Bibliothek des Mariengymnasiums e. V. Jever<br>Terrasse 3<br>26441 Jever<\/p>\n\n\n\n<p>Verantwortlich f\u00fcr den Inhalt: <br>Hans-J\u00fcrgen Klitsch<br>Moselstr. 2<br>26419 Schortens<br>Tel. 04461-82283<\/p>\n\n\n\n<p><\/p>\n\n\n\n<p>Fotografien von Dr. Anja Belemann-Smit, Dr. Matthias Bollmeyer, Tina Haseneyer, Christoph Hinz, Hans-J\u00fcrgen Klitsch, Hartmut Peters, Jens Zander<\/p>\n\n\n\n<p><a href=\"https:\/\/www.foerderverein-bibliothek.de\/?page_id=152\" class=\"ek-link\">Kontaktformular<\/a><\/p>\n","protected":false},"excerpt":{"rendered":"<p>F\u00f6rderverein Bibliothek des Mariengymnasiums e. V. JeverTerrasse 326441 Jever Verantwortlich f\u00fcr den Inhalt: Hans-J\u00fcrgen KlitschMoselstr. 226419 SchortensTel. 04461-82283 Fotografien von Dr. Anja Belemann-Smit, Dr. Matthias Bollmeyer, Tina Haseneyer, Christoph Hinz, Hans-J\u00fcrgen Klitsch, Hartmut Peters, Jens Zander Kontaktformular<\/p>\n","protected":false},"author":1,"featured_media":0,"parent":0,"menu_order":0,"comment_status":"closed","ping_status":"closed","template":"","meta":{"_editorskit_title_hidden":false,"_editorskit_reading_time":1,"_editorskit_is_block_options_detached":false,"_editorskit_block_options_position":"{}","footnotes":""},"class_list":["post-30","page","type-page","status-publish","hentry"],"_links":{"self":[{"href":"https:\/\/www.foerderverein-bibliothek.de\/index.php?rest_route=\/wp\/v2\/pages\/30","targetHints":{"allow":["GET"]}}],"collection":[{"href":"https:\/\/www.foerderverein-bibliothek.de\/index.php?rest_route=\/wp\/v2\/pages"}],"about":[{"href":"https:\/\/www.foerderverein-bibliothek.de\/index.php?rest_route=\/wp\/v2\/types\/page"}],"author":[{"embeddable":true,"href":"https:\/\/www.foerderverein-bibliothek.de\/index.php?rest_route=\/wp\/v2\/users\/1"}],"replies":[{"embeddable":true,"href":"https:\/\/www.foerderverein-bibliothek.de\/index.php?rest_route=%2Fwp%2Fv2%2Fcomments&post=30"}],"version-history":[{"count":7,"href":"https:\/\/www.foerderverein-bibliothek.de\/index.php?rest_route=\/wp\/v2\/pages\/30\/revisions"}],"predecessor-version":[{"id":1717,"href":"https:\/\/www.foerderverein-bibliothek.de\/index.php?rest_route=\/wp\/v2\/pages\/30\/revisions\/1717"}],"wp:attachment":[{"href":"https:\/\/www.foerderverein-bibliothek.de\/index.php?rest_route=%2Fwp%2Fv2%2Fmedia&parent=30"}],"curies":[{"name":"wp","href":"https:\/\/api.w.org\/{rel}","templated":true}]}}