{"id":206,"date":"2022-08-01T23:52:25","date_gmt":"2022-08-01T21:52:25","guid":{"rendered":"https:\/\/www.foerderverein-bibliothek.de\/?page_id=206"},"modified":"2025-01-18T17:43:54","modified_gmt":"2025-01-18T15:43:54","slug":"vorstand","status":"publish","type":"page","link":"https:\/\/www.foerderverein-bibliothek.de\/?page_id=206","title":{"rendered":"Vorstand"},"content":{"rendered":"\n<figure class=\"wp-block-image size-full\"><img loading=\"lazy\" decoding=\"async\" width=\"900\" height=\"675\" src=\"https:\/\/www.foerderverein-bibliothek.de\/wp-content\/uploads\/2025\/01\/00k_Vorstand-2024.jpg\" alt=\"\" class=\"wp-image-1563\" srcset=\"https:\/\/www.foerderverein-bibliothek.de\/wp-content\/uploads\/2025\/01\/00k_Vorstand-2024.jpg 900w, https:\/\/www.foerderverein-bibliothek.de\/wp-content\/uploads\/2025\/01\/00k_Vorstand-2024-300x225.jpg 300w, https:\/\/www.foerderverein-bibliothek.de\/wp-content\/uploads\/2025\/01\/00k_Vorstand-2024-768x576.jpg 768w\" sizes=\"auto, (max-width: 900px) 100vw, 900px\" \/><figcaption class=\"wp-element-caption\">Der Vorstand seit September 2024: Dr. Matthias Bollmeyer, Hartmut Kroll, Bettina Schinke, Hans-J\u00fcrgen Klitsch, Christoph Hinz<\/figcaption><\/figure>\n\n\n\n<figure class=\"wp-block-image aligncenter size-full is-resized\"><img loading=\"lazy\" decoding=\"async\" width=\"650\" height=\"383\" src=\"https:\/\/www.foerderverein-bibliothek.de\/wp-content\/uploads\/2023\/03\/00k_Vorstand-Maerz-2023-3.jpg\" alt=\"\" class=\"wp-image-1149\" srcset=\"https:\/\/www.foerderverein-bibliothek.de\/wp-content\/uploads\/2023\/03\/00k_Vorstand-Maerz-2023-3.jpg 650w, https:\/\/www.foerderverein-bibliothek.de\/wp-content\/uploads\/2023\/03\/00k_Vorstand-Maerz-2023-3-300x177.jpg 300w\" sizes=\"auto, (max-width: 650px) 100vw, 650px\" \/><figcaption class=\"wp-element-caption\">Der alte Vorstand (l-r): Hans-J\u00fcrgen Klitsch, Hartmut Kroll, Bettina Schinke, Hartmut Peters, Matthias Bollmeyer (Foto: Anja Belemann-Smit)  &#8211; ein Foto des neuen Vorstands wird bei n\u00e4chster Gelegenheit pr\u00e4sentiert<\/figcaption><\/figure>\n\n\n\n<figure class=\"wp-block-table\"><table><thead><tr><th class=\"has-text-align-left\" data-align=\"left\"><strong>Amt<\/strong><\/th><th class=\"has-text-align-left\" data-align=\"left\"><strong>Name<\/strong><\/th><th class=\"has-text-align-left\" data-align=\"left\"><strong>zur Person<\/strong><\/th><\/tr><\/thead><tbody><tr><td class=\"has-text-align-left\" data-align=\"left\"><strong>Vorstand<\/strong><\/td><td class=\"has-text-align-left\" data-align=\"left\"><\/td><td class=\"has-text-align-left\" data-align=\"left\"><\/td><\/tr><tr><td class=\"has-text-align-left\" data-align=\"left\"><a href=\"http:\/\/www.mgbibliothek.mgjever.de\/amtalt.html#vorsitz\">Vorsitzender<\/a><\/td><td class=\"has-text-align-left\" data-align=\"left\">Christoph Hinz<\/td><td class=\"has-text-align-left\" data-align=\"left\">Journalist<\/td><\/tr><tr><td class=\"has-text-align-left\" data-align=\"left\"><a href=\"http:\/\/www.mgbibliothek.mgjever.de\/amtalt.html#1stell\">1. stellvertretender Vorsitzender<\/a><\/td><td class=\"has-text-align-left\" data-align=\"left\">Hans-J\u00fcrgen Klitsch<\/td><td class=\"has-text-align-left\" data-align=\"left\">Lehrer i.R. (Mitarbeiter in der Schulbibliothek bis 2016; Leitung der Sch\u00fclerbibliothek Zweigstelle Schortens bis 2014)<\/td><\/tr><tr><td class=\"has-text-align-left\" data-align=\"left\"><a href=\"http:\/\/www.mgbibliothek.mgjever.de\/amtalt.html#2stell\">2. stellvertretende Vorsitzende<\/a><\/td><td class=\"has-text-align-left\" data-align=\"left\">Bettina Schinke<\/td><td class=\"has-text-align-left\" data-align=\"left\">ehemalige Sch\u00fclerin des Mariengymnasiums, Apothekerin<\/td><\/tr><tr><td class=\"has-text-align-left\" data-align=\"left\"><a href=\"http:\/\/www.mgbibliothek.mgjever.de\/amtalt.html#schatz\">Schatzmeister<\/a><\/td><td class=\"has-text-align-left\" data-align=\"left\">Hartmut Kroll<\/td><td class=\"has-text-align-left\" data-align=\"left\">Bankangestellter i.R. (stellvertr. Zweigstellenleiter der Landessparkasse zu Oldenburg, Jever)<\/td><\/tr><tr><td class=\"has-text-align-left\" data-align=\"left\"><a href=\"http:\/\/www.mgbibliothek.mgjever.de\/amtalt.html#schrift\">Schriftf\u00fchrer<\/a><\/td><td class=\"has-text-align-left\" data-align=\"left\">Dr. Matthias Bollmeyer<\/td><td class=\"has-text-align-left\" data-align=\"left\">ehemaliger Sch\u00fcler des Mariengymnasiums, wissensch. Mitarbeiter Landesbibliothek Oldenburg<\/td><\/tr><tr><td class=\"has-text-align-left\" data-align=\"left\"><strong>Beisitzer<\/strong><\/td><td class=\"has-text-align-left\" data-align=\"left\"><\/td><td class=\"has-text-align-left\" data-align=\"left\"><\/td><\/tr><tr><td class=\"has-text-align-left\" data-align=\"left\"><a href=\"http:\/\/www.mgbibliothek.mgjever.de\/amtalt.html#leiter\">Schulleiter<\/a><\/td><td class=\"has-text-align-left\" data-align=\"left\">J\u00fcrgen Ploeger-Lobeck<\/td><td class=\"has-text-align-left\" data-align=\"left\">&nbsp;<\/td><\/tr><tr><td class=\"has-text-align-left\" data-align=\"left\"><a href=\"http:\/\/www.mgbibliothek.mgjever.de\/amtalt.html#stellleiter\" class=\"ek-link\">stellvertretende Schulleiterin<\/a><\/td><td class=\"has-text-align-left\" data-align=\"left\">Katrin Finke<\/td><td class=\"has-text-align-left\" data-align=\"left\">&nbsp;<\/td><\/tr><tr><td class=\"has-text-align-left\" data-align=\"left\"><a href=\"http:\/\/www.mgbibliothek.mgjever.de\/amtalt.html#biblioth\">Bibliothekarin<\/a><\/td><td class=\"has-text-align-left\" data-align=\"left\">Dr. Anja Belemann-Smit<\/td><td class=\"has-text-align-left\" data-align=\"left\">Lehrerin (Schulbibliothekarin seit 2014)<\/td><\/tr><tr><td class=\"has-text-align-left\" data-align=\"left\"><a href=\"http:\/\/www.mgbibliothek.mgjever.de\/amtalt.html#sv\">Sch\u00fclervertreter\/in<\/a><\/td><td class=\"has-text-align-left\" data-align=\"left\">&#8212;<\/td><td class=\"has-text-align-left\" data-align=\"left\">&#8212;<\/td><\/tr><tr><td class=\"has-text-align-left\" data-align=\"left\"><strong>Rechnungspr\u00fcfer<\/strong><\/td><td class=\"has-text-align-left\" data-align=\"left\"><\/td><td class=\"has-text-align-left\" data-align=\"left\"><\/td><\/tr><tr><td class=\"has-text-align-left\" data-align=\"left\"><a href=\"http:\/\/www.mgbibliothek.mgjever.de\/amtalt.html#rech1\">Rechnungspr\u00fcfer<\/a><\/td><td class=\"has-text-align-left\" data-align=\"left\">J\u00fcrgen Quadfasel<\/td><td class=\"has-text-align-left\" data-align=\"left\">Ingenieur i.R.<\/td><\/tr><tr><td class=\"has-text-align-left\" data-align=\"left\"><a href=\"http:\/\/www.mgbibliothek.mgjever.de\/amtalt.html#rech2\">Rechnungspr\u00fcfer<\/a><\/td><td class=\"has-text-align-left\" data-align=\"left\">Gerd Borchers<\/td><td class=\"has-text-align-left\" data-align=\"left\">ehemaliger Sch\u00fcler, Landwirt<\/td><\/tr><\/tbody><\/table><\/figure>\n\n\n\n<p>Der Vorstand wird auf drei Jahre gew\u00e4hlt, die Rechnungspr\u00fcfer auf zwei Jahre.<\/p>\n","protected":false},"excerpt":{"rendered":"<p>Amt Name zur Person Vorstand Vorsitzender Christoph Hinz Journalist 1. stellvertretender Vorsitzender Hans-J\u00fcrgen Klitsch Lehrer i.R. (Mitarbeiter in der Schulbibliothek bis 2016; Leitung der Sch\u00fclerbibliothek Zweigstelle Schortens bis 2014) 2. stellvertretende Vorsitzende Bettina Schinke ehemalige Sch\u00fclerin des Mariengymnasiums, Apothekerin Schatzmeister Hartmut Kroll Bankangestellter i.R. (stellvertr. Zweigstellenleiter der Landessparkasse zu Oldenburg, Jever) Schriftf\u00fchrer Dr. Matthias Bollmeyer [&hellip;]<\/p>\n","protected":false},"author":1,"featured_media":0,"parent":175,"menu_order":0,"comment_status":"closed","ping_status":"closed","template":"","meta":{"_editorskit_title_hidden":false,"_editorskit_reading_time":1,"_editorskit_is_block_options_detached":false,"_editorskit_block_options_position":"{}","footnotes":""},"class_list":["post-206","page","type-page","status-publish","hentry"],"_links":{"self":[{"href":"https:\/\/www.foerderverein-bibliothek.de\/index.php?rest_route=\/wp\/v2\/pages\/206","targetHints":{"allow":["GET"]}}],"collection":[{"href":"https:\/\/www.foerderverein-bibliothek.de\/index.php?rest_route=\/wp\/v2\/pages"}],"about":[{"href":"https:\/\/www.foerderverein-bibliothek.de\/index.php?rest_route=\/wp\/v2\/types\/page"}],"author":[{"embeddable":true,"href":"https:\/\/www.foerderverein-bibliothek.de\/index.php?rest_route=\/wp\/v2\/users\/1"}],"replies":[{"embeddable":true,"href":"https:\/\/www.foerderverein-bibliothek.de\/index.php?rest_route=%2Fwp%2Fv2%2Fcomments&post=206"}],"version-history":[{"count":18,"href":"https:\/\/www.foerderverein-bibliothek.de\/index.php?rest_route=\/wp\/v2\/pages\/206\/revisions"}],"predecessor-version":[{"id":1565,"href":"https:\/\/www.foerderverein-bibliothek.de\/index.php?rest_route=\/wp\/v2\/pages\/206\/revisions\/1565"}],"up":[{"embeddable":true,"href":"https:\/\/www.foerderverein-bibliothek.de\/index.php?rest_route=\/wp\/v2\/pages\/175"}],"wp:attachment":[{"href":"https:\/\/www.foerderverein-bibliothek.de\/index.php?rest_route=%2Fwp%2Fv2%2Fmedia&parent=206"}],"curies":[{"name":"wp","href":"https:\/\/api.w.org\/{rel}","templated":true}]}}