{"id":195,"date":"2022-08-01T23:09:09","date_gmt":"2022-08-01T21:09:09","guid":{"rendered":"https:\/\/www.foerderverein-bibliothek.de\/?page_id=195"},"modified":"2022-09-10T20:01:44","modified_gmt":"2022-09-10T18:01:44","slug":"links-zu-den-katalogen","status":"publish","type":"page","link":"https:\/\/www.foerderverein-bibliothek.de\/?page_id=195","title":{"rendered":"Links zu den Katalogen"},"content":{"rendered":"\n<h4 class=\"wp-block-heading\"><\/h4>\n\n\n\n<ul class=\"wp-block-list\"><li><a href=\"https:\/\/kxp.k10plus.de\/DB=7.483\" class=\"ek-link\">\u00d6VK (\u00f6ffentlicher Bestand)<\/a><\/li><li><a aria-label=\" (opens in a new tab)\" href=\"https:\/\/kxp.k10plus.de\/DB=9.1012\/\" target=\"_blank\" rel=\"noreferrer noopener\" class=\"ek-link\">k10plus (historischer Bestand und teilweise \u00f6ffentlicher Bestand)<\/a><\/li><li><a href=\"https:\/\/opac.rism.info\/metaopac\/search?searchCategories%5B0%5D=-1&amp;q=D-JE&amp;View=rism&amp;Language=de\" target=\"_blank\" aria-label=\" (opens in a new tab)\" rel=\"noreferrer noopener\" class=\"ek-link\">RISM (R\u00e9pertoire International des Sources Musicales)<\/a><\/li><\/ul>\n\n\n\n<p>Hinweis: Die digitale Katalogisierung des historischen Bestandes ist noch nicht abgeschlossen, und die neuzeitliche Literatur wird noch nicht ganz vollst\u00e4ndig angezeigt. Wir arbeiten daran.<\/p>\n","protected":false},"excerpt":{"rendered":"<p>\u00d6VK (\u00f6ffentlicher Bestand) k10plus (historischer Bestand und teilweise \u00f6ffentlicher Bestand) RISM (R\u00e9pertoire International des Sources Musicales) Hinweis: Die digitale Katalogisierung des historischen Bestandes ist noch nicht abgeschlossen, und die neuzeitliche Literatur wird noch nicht ganz vollst\u00e4ndig angezeigt. Wir arbeiten daran.<\/p>\n","protected":false},"author":1,"featured_media":0,"parent":179,"menu_order":30,"comment_status":"closed","ping_status":"closed","template":"","meta":{"_editorskit_title_hidden":false,"_editorskit_reading_time":1,"_editorskit_is_block_options_detached":false,"_editorskit_block_options_position":"{}","footnotes":""},"class_list":["post-195","page","type-page","status-publish","hentry"],"_links":{"self":[{"href":"https:\/\/www.foerderverein-bibliothek.de\/index.php?rest_route=\/wp\/v2\/pages\/195","targetHints":{"allow":["GET"]}}],"collection":[{"href":"https:\/\/www.foerderverein-bibliothek.de\/index.php?rest_route=\/wp\/v2\/pages"}],"about":[{"href":"https:\/\/www.foerderverein-bibliothek.de\/index.php?rest_route=\/wp\/v2\/types\/page"}],"author":[{"embeddable":true,"href":"https:\/\/www.foerderverein-bibliothek.de\/index.php?rest_route=\/wp\/v2\/users\/1"}],"replies":[{"embeddable":true,"href":"https:\/\/www.foerderverein-bibliothek.de\/index.php?rest_route=%2Fwp%2Fv2%2Fcomments&post=195"}],"version-history":[{"count":13,"href":"https:\/\/www.foerderverein-bibliothek.de\/index.php?rest_route=\/wp\/v2\/pages\/195\/revisions"}],"predecessor-version":[{"id":602,"href":"https:\/\/www.foerderverein-bibliothek.de\/index.php?rest_route=\/wp\/v2\/pages\/195\/revisions\/602"}],"up":[{"embeddable":true,"href":"https:\/\/www.foerderverein-bibliothek.de\/index.php?rest_route=\/wp\/v2\/pages\/179"}],"wp:attachment":[{"href":"https:\/\/www.foerderverein-bibliothek.de\/index.php?rest_route=%2Fwp%2Fv2%2Fmedia&parent=195"}],"curies":[{"name":"wp","href":"https:\/\/api.w.org\/{rel}","templated":true}]}}