{"id":193,"date":"2022-08-01T23:08:39","date_gmt":"2022-08-01T21:08:39","guid":{"rendered":"https:\/\/www.foerderverein-bibliothek.de\/?page_id=193"},"modified":"2023-09-16T22:20:21","modified_gmt":"2023-09-16T20:20:21","slug":"bestaende-der-bibliothek","status":"publish","type":"page","link":"https:\/\/www.foerderverein-bibliothek.de\/?page_id=193","title":{"rendered":"Best\u00e4nde der Bibliothek"},"content":{"rendered":"\n<figure class=\"wp-block-image aligncenter size-full is-resized\"><img loading=\"lazy\" decoding=\"async\" src=\"https:\/\/www.foerderverein-bibliothek.de\/wp-content\/uploads\/2022\/09\/00k_Blick-in-die-Alte-Bibl.jpg\" alt=\"\" class=\"wp-image-591\" style=\"width:473px;height:293px\" width=\"473\" height=\"293\" srcset=\"https:\/\/www.foerderverein-bibliothek.de\/wp-content\/uploads\/2022\/09\/00k_Blick-in-die-Alte-Bibl.jpg 900w, https:\/\/www.foerderverein-bibliothek.de\/wp-content\/uploads\/2022\/09\/00k_Blick-in-die-Alte-Bibl-300x186.jpg 300w, https:\/\/www.foerderverein-bibliothek.de\/wp-content\/uploads\/2022\/09\/00k_Blick-in-die-Alte-Bibl-768x476.jpg 768w\" sizes=\"auto, (max-width: 473px) 100vw, 473px\" \/><figcaption class=\"wp-element-caption\">Blick in den alarmgesicherten Raum mit dem historischen Buchbestand. <br>Die UV-Schutz-Spezialvorh\u00e4nge wurden zum Zweck des Fotos aufgemacht.<\/figcaption><\/figure>\n\n\n\n<p>Die besondere Bedeutung der Bibliothek des Mariengymnasiums besteht vor allem&nbsp; darin, dass sie die einzige bis in die Gegenwart erhaltene universale Bibliothek zwischen Ems und Jade&nbsp;ist, die sich seit der Fr\u00fchen Neuzeit kontinuierlich entwickelt hat. Damit stellt sie f\u00fcr die bildungsgeschichtliche Forschung einen Gl\u00fccksfall dar. Es kann exemplarisch nachgezeichnet werden,&nbsp; wie durch die Jahrhunderte mit B\u00fcchern gearbeitet und gelebt wurde.<\/p>\n\n\n\n<p>Neben dem f\u00fcr Schulunterricht und Lesef\u00f6rderung ben\u00f6tigten zeitgen\u00f6ssischen Buchbestand sowie der Fortbildung dienenden wissenschaftlichen B\u00fcchern aus allen Fachbereichen von insgesamt ca. 20.000 B\u00e4nden, besitzt die Bibliothek eine vor Ort gewachsene historische Abteilung. Diese umfasst ungef\u00e4hr 14.000 Titel, z\u00e4hlt man bis zur Gr\u00fcndung der Bundesrepublik Deutschland &nbsp;im Jahr 1949.<\/p>\n\n\n\n<figure class=\"wp-block-image aligncenter size-full is-resized\"><img loading=\"lazy\" decoding=\"async\" src=\"https:\/\/www.foerderverein-bibliothek.de\/wp-content\/uploads\/2022\/09\/00k_BMGJ-05.jpg\" alt=\"\" class=\"wp-image-621\" style=\"width:460px;height:305px\" width=\"460\" height=\"305\" srcset=\"https:\/\/www.foerderverein-bibliothek.de\/wp-content\/uploads\/2022\/09\/00k_BMGJ-05.jpg 900w, https:\/\/www.foerderverein-bibliothek.de\/wp-content\/uploads\/2022\/09\/00k_BMGJ-05-300x199.jpg 300w, https:\/\/www.foerderverein-bibliothek.de\/wp-content\/uploads\/2022\/09\/00k_BMGJ-05-768x510.jpg 768w\" sizes=\"auto, (max-width: 460px) 100vw, 460px\" \/><figcaption class=\"wp-element-caption\">Teilblick in die R\u00e4ume mit dem wissenschaftlichen Bestand<\/figcaption><\/figure>\n\n\n\n<p>Zum historischen Bestand geh\u00f6ren unter anderem sechs Inkunabeln ab dem Erscheinungsjahr 1491, zahlreiche Fr\u00fchdrucke aus den Jahren vor 1550, eine landeshistorisch bedeutsame Sammlung fr\u00fchneuzeitlicher Handschriften sowie eine Landkartensammlung zum Deich-, &nbsp;Grenz- und Wasserwesen der Region. Der Bestand wird abgerundet durch sp\u00e4tmittelalterliche makulierte Handschriftenfragmente, Kasualschriften, Archivalien und eine Musikaliensammlung, die unica von fr\u00fchen Musikdrucken und -handschriften ab dem Barockzeitalter enth\u00e4lt. &nbsp;Sie erhielt zuletzt durch die Identifizierung einer verlorenen Arie aus der Oper Almira des Georg Friedrich H\u00e4ndel wissenschaftliche Aufmerksamkeit.<\/p>\n\n\n\n<p>Der \u00e4lteste Teil der Bibliothek umfasst gut 100 B\u00e4nde des Theologen und Juris\u00adten Remmer von Seediek (gest. 1557), der von 1531 bis 1557 als Kanzler der Herrschaft Jever t\u00e4tig war und seine Bibliothek testamentarisch einer \u00f6ffentlichen Nutzung zuf\u00fchrte. W\u00e4hrend dieser Bestand eine klassische Humanisten- und Beamtenbibliothek abbildet, repr\u00e4sentieren die weit \u00fcber 1.000 Titel des F\u00fcrsten Johann Ludwig von Anhalt-Zerbst (1688-1746) eine vom h\u00f6fischen Barock gepr\u00e4gte Bibliothek. Der F\u00fcrst residierte von 1720 bis 1742 als Statthalter der mitteldeutschen Landesherrschaft auf Schloss Jever und lie\u00df &#8211; bei \u00dcbernahme der Regentschaft in Zerbst &#8211; seine B\u00fccher in Jever zur\u00fcck. &nbsp;<\/p>\n\n\n\n<figure class=\"wp-block-image aligncenter size-full is-resized\"><img loading=\"lazy\" decoding=\"async\" src=\"https:\/\/www.foerderverein-bibliothek.de\/wp-content\/uploads\/2023\/03\/00k_Klesse-Andreas-Foto.jpg\" alt=\"\" class=\"wp-image-1097\" style=\"width:484px;height:323px\" width=\"484\" height=\"323\" srcset=\"https:\/\/www.foerderverein-bibliothek.de\/wp-content\/uploads\/2023\/03\/00k_Klesse-Andreas-Foto.jpg 650w, https:\/\/www.foerderverein-bibliothek.de\/wp-content\/uploads\/2023\/03\/00k_Klesse-Andreas-Foto-300x200.jpg 300w\" sizes=\"auto, (max-width: 484px) 100vw, 484px\" \/><figcaption class=\"wp-element-caption\">EIne interessante Perspektive in der alten Bibliothek (Foto: Andreas Klesse)<\/figcaption><\/figure>\n\n\n\n<p>Als die Herrschaft Jever 1818 an das Herzogtum Oldenburg gefallen war, ord\u00adnete Peter Friedrich Ludwig von Oldenburg (1785-1825) an, diese &nbsp;&nbsp;B\u00fcchersammlungen der an der Schule geplanten \u00f6ffentlichen Bibliothek zu\u00adzuweisen. Allerdings gelangten danach auch Teilbest\u00e4nde in die Gro\u00dfher\u00adzogliche Bibliothek in Oldenburg und in den Antiquariatsbuchhandel. Im 19. Jahrhundert wurde der Bestand durch weitere Stiftungen vermehrt, von denen besonders die p\u00e4dagogische Bibliothek des Christian Heinrich Wolke (1741-1825) sowie die regionalgeschichtlich herausragende &nbsp;Sammlung des Beamten Heinrich Georg Ehrentraut (1797-1866) zu nennen sind. &nbsp;<\/p>\n\n\n\n<p>In den Jahren 1820 bis 1933 wurden in einem gro\u00dfen Ma\u00dfe B\u00fccher &#8211; dem Ideal des Neu\u00adhumanismus gem\u00e4\u00df &#8211; gezielt f\u00fcr den Schulunterricht angeschafft.&nbsp; Sie sind fast l\u00fcckenlos erhalten geblieben. Aus der \u00c4ra &nbsp;des Nationalsozialismus steht der ideologisch kontaminierte Bestand \u201eGermanentum\u201c vollst\u00e4ndig der Forschung und p\u00e4dagogisch begleiteten Unterrichtsprojekten zur Verf\u00fcgung. Die nach der Befreiung 1945 ausgesonderten NS-Schriften \u2013 nachweisbar \u00fcber die Bibliotheksakten &#8211; werden gegenw\u00e4rtig aus Schenkungen und antiquarischen Ank\u00e4ufen rekonstruiert. &nbsp;<\/p>\n\n\n\n<figure class=\"wp-block-image alignright size-full is-resized\"><img loading=\"lazy\" decoding=\"async\" src=\"https:\/\/www.foerderverein-bibliothek.de\/wp-content\/uploads\/2022\/09\/00k_9-Vitrine-Fibeln-Krtschka-Sammlung-1.jpg\" alt=\"\" class=\"wp-image-712\" style=\"width:504px;height:378px\" width=\"504\" height=\"378\" srcset=\"https:\/\/www.foerderverein-bibliothek.de\/wp-content\/uploads\/2022\/09\/00k_9-Vitrine-Fibeln-Krtschka-Sammlung-1.jpg 900w, https:\/\/www.foerderverein-bibliothek.de\/wp-content\/uploads\/2022\/09\/00k_9-Vitrine-Fibeln-Krtschka-Sammlung-1-300x225.jpg 300w, https:\/\/www.foerderverein-bibliothek.de\/wp-content\/uploads\/2022\/09\/00k_9-Vitrine-Fibeln-Krtschka-Sammlung-1-768x576.jpg 768w\" sizes=\"auto, (max-width: 504px) 100vw, 504px\" \/><figcaption class=\"wp-element-caption\">Vitrine mit Lernfibeln aus der Sammlung Ilse Krtschka<\/figcaption><\/figure>\n\n\n\n<p>1973 fand die \u00fcber 1.200 B\u00e4nde umfassende Gelehrtenbibliothek&nbsp; des jeverschen B\u00fcrgermeisters und Naturforschers Georg Heinrich Bernhard J\u00fcrgens (1771-1846) ihre Aufstellung. Schenkungen werden dann angenommen, wenn sie in das Bibliothekskonzept passen, wie das z.B. im Oktober 2019 bei der historischen Kinder-, Jugend- und Leselernbuchsammlung von Ilse Krtschka aus Schortens der Fall war.<\/p>\n\n\n\n<p>Augenmerk wird auf die Sammlung von Erstausgaben von und Sekund\u00e4rliteratur \u00fcber mit der Schule und Jever verbundenen Autoren gelegt, insbesondere (in chronologischer Reihenfolge):<\/p>\n\n\n\n<p>Christian Heinrich Wolke (1741-1825, P\u00e4dagoge)<br>Gerhard Ulrich Anton Vieth (1763-1836, Turnp\u00e4dagoge)<br>Ulrich Jasper Seetzen (1767-1811, Orientalist)<br>Friedrich Schlosser (1776-1861, Historiker)<br>Johann Heinrich von Th\u00fcnen (1783-1850, Wirtschaftswissenschaftler)<br>Eilhard Mitscherlich (1794-1863, Chemiker)<br>Salomon Mendelssohn (1813-1892, Turnp\u00e4dagoge)<br>Joseph Mendelssohn (1817-1856, Schriftsteller) &nbsp;<br>Otto Erich Hartleben (1864-1905, Schriftsteller)<br>Georg von der Vring (1889-1968, Schriftsteller und Maler)<br>Friedrich \u201eFritz\u201c Levy (1901-1982, Schriftsteller, literarische Figur)<br>Oswald Andrae (1926-1997, niederdeutscher Schriftsteller)<\/p>\n\n\n\n<p><\/p>\n","protected":false},"excerpt":{"rendered":"<p>Die besondere Bedeutung der Bibliothek des Mariengymnasiums besteht vor allem&nbsp; darin, dass sie die einzige bis in die Gegenwart erhaltene universale Bibliothek zwischen Ems und Jade&nbsp;ist, die sich seit der Fr\u00fchen Neuzeit kontinuierlich entwickelt hat. Damit stellt sie f\u00fcr die bildungsgeschichtliche Forschung einen Gl\u00fccksfall dar. Es kann exemplarisch nachgezeichnet werden,&nbsp; wie durch die Jahrhunderte mit [&hellip;]<\/p>\n","protected":false},"author":1,"featured_media":0,"parent":179,"menu_order":10,"comment_status":"closed","ping_status":"closed","template":"","meta":{"_editorskit_title_hidden":false,"_editorskit_reading_time":3,"_editorskit_is_block_options_detached":false,"_editorskit_block_options_position":"{}","footnotes":""},"class_list":["post-193","page","type-page","status-publish","hentry"],"_links":{"self":[{"href":"https:\/\/www.foerderverein-bibliothek.de\/index.php?rest_route=\/wp\/v2\/pages\/193","targetHints":{"allow":["GET"]}}],"collection":[{"href":"https:\/\/www.foerderverein-bibliothek.de\/index.php?rest_route=\/wp\/v2\/pages"}],"about":[{"href":"https:\/\/www.foerderverein-bibliothek.de\/index.php?rest_route=\/wp\/v2\/types\/page"}],"author":[{"embeddable":true,"href":"https:\/\/www.foerderverein-bibliothek.de\/index.php?rest_route=\/wp\/v2\/users\/1"}],"replies":[{"embeddable":true,"href":"https:\/\/www.foerderverein-bibliothek.de\/index.php?rest_route=%2Fwp%2Fv2%2Fcomments&post=193"}],"version-history":[{"count":17,"href":"https:\/\/www.foerderverein-bibliothek.de\/index.php?rest_route=\/wp\/v2\/pages\/193\/revisions"}],"predecessor-version":[{"id":1287,"href":"https:\/\/www.foerderverein-bibliothek.de\/index.php?rest_route=\/wp\/v2\/pages\/193\/revisions\/1287"}],"up":[{"embeddable":true,"href":"https:\/\/www.foerderverein-bibliothek.de\/index.php?rest_route=\/wp\/v2\/pages\/179"}],"wp:attachment":[{"href":"https:\/\/www.foerderverein-bibliothek.de\/index.php?rest_route=%2Fwp%2Fv2%2Fmedia&parent=193"}],"curies":[{"name":"wp","href":"https:\/\/api.w.org\/{rel}","templated":true}]}}