{"id":181,"date":"2022-08-01T22:51:38","date_gmt":"2022-08-01T20:51:38","guid":{"rendered":"https:\/\/www.foerderverein-bibliothek.de\/?page_id=181"},"modified":"2023-11-27T02:54:55","modified_gmt":"2023-11-27T00:54:55","slug":"geschichte-der-bibliothek","status":"publish","type":"page","link":"https:\/\/www.foerderverein-bibliothek.de\/?page_id=181","title":{"rendered":""},"content":{"rendered":"\n<p><strong>Das heutige Mariengymnasium wurde 1573 von der Regentin Maria von Jever als Lateinschule gegr\u00fcndet.<\/strong><\/p>\n\n\n\n<p>Die \u201eLeges Generales Novae Scholae Ieverensis\u201c&nbsp; von 1573 verf\u00fcgten (in \u00dcbersetzung) \u00fcber die Lehrer: \u201ePassende Schriftsteller, lateinische und griechische, sollen sie vorlegen und erkl\u00e4ren.\u201c&nbsp; \u00dcber eine B\u00fcchersammlung erfahren wir bis ins 18. Jahrhundert hinein indes nur wenig, aber sicherlich hat es sie an einer Schule lutherischer Herkunft im Zeitalter des Humanismus gegeben.&nbsp;<\/p>\n\n\n\n<figure class=\"wp-block-image aligncenter size-full is-resized\"><img loading=\"lazy\" decoding=\"async\" width=\"900\" height=\"771\" src=\"https:\/\/www.foerderverein-bibliothek.de\/wp-content\/uploads\/2022\/09\/00k_9-Jever-Gesangsbuch-1706-XI-Cf-2-V1.jpg\" alt=\"\" class=\"wp-image-674\" style=\"width:576px;height:493px\" srcset=\"https:\/\/www.foerderverein-bibliothek.de\/wp-content\/uploads\/2022\/09\/00k_9-Jever-Gesangsbuch-1706-XI-Cf-2-V1.jpg 900w, https:\/\/www.foerderverein-bibliothek.de\/wp-content\/uploads\/2022\/09\/00k_9-Jever-Gesangsbuch-1706-XI-Cf-2-V1-300x257.jpg 300w, https:\/\/www.foerderverein-bibliothek.de\/wp-content\/uploads\/2022\/09\/00k_9-Jever-Gesangsbuch-1706-XI-Cf-2-V1-768x658.jpg 768w\" sizes=\"auto, (max-width: 900px) 100vw, 900px\" \/><figcaption class=\"wp-element-caption\">Titelkupfer aus Jeversches-Gesang-Buch, Bremen 1699 &#8211; das Stadtpanorama zur Zeit des Sp\u00e4tbarock<\/figcaption><\/figure>\n\n\n\n<p>Aus&nbsp; der Epoche der Aufkl\u00e4rung stammt die erste erhaltene B\u00fccherliste. In der \u00c4gide von Rektor Hermann Friedrich Hollmann (1753-1825, Rektor ab 1792) nahm der Gedanke einer Schulbibliothek als gleichzeitig \u00f6ffentliche B\u00fcchersammlung langsam Gestalt an.<\/p>\n\n\n\n<p><strong>Hier die weitere Entwicklung in groben Z\u00fcgen.<\/strong><\/p>\n\n\n\n<ul class=\"wp-block-list\">\n<li>Als Geburtshelfer der Bibliothek gilt der Reformp\u00e4dagoge Christian Heinrich Wolke (1741-1825). Er schenkte 1802 seiner ehemaligen Schule \u00fcber 200 B\u00e4nde \u201ef\u00fcr die hoffentlich bald entstehende Bibliothek der Jeverschen Provinzialschule\u201c.<\/li>\n<\/ul>\n\n\n\n<ul class=\"wp-block-list\">\n<li>1819 ordnete Herzog Peter Friedrich Ludwig von Oldenburg (1755-1829) \u201edie Vereinigung der \u00f6ffentlichen B\u00fcchersammlung in Jever\u201c in den R\u00e4umen des Schulgeb\u00e4udes an. Gemeint waren hiermit die Bibliotheken von Remmer von Seediek (gest. 1557) und von Johann Ludwig von Anhalt-Zerbst (1688-1746).&nbsp; Diese waren unzug\u00e4nglich und in schlechtem Zustand in einem Nebengeb\u00e4ude des Schlosses von Jever gelagert.<\/li>\n<\/ul>\n\n\n\n<ul class=\"wp-block-list\">\n<li>1853 waren die mit einer solchen Bibliotheksgr\u00fcndung verbundenen, arbeitsintensiven Vorarbeiten mit der Publikation des ersten Benutzungsreglements beendet. Die Bibliothek im damaligen Schulgeb\u00e4ude an der Drostenstra\u00dfe war r\u00e4umlich stark eingeschr\u00e4nkt.<\/li>\n<\/ul>\n\n\n\n<ul class=\"wp-block-list\">\n<li>Die \u00f6ffentlich zug\u00e4ngliche &nbsp;Schulbibliothek bekam in&nbsp; den Jahrzehnten danach mehrfach wertvolle Schenkungen von mit der Region verbundenen Sammler-Pers\u00f6nlichkeiten. Solche Zuw\u00e4chse und das kr\u00e4ftig angestiegene eigene Ankaufsvolumen begr\u00fcndeten ihren Ruf als &nbsp;\u201eLandesbibliothek des Jeverlands\u201c.<\/li>\n<\/ul>\n\n\n\n<ul class=\"wp-block-list\">\n<li>Vor der Jahrhundertwende entstand die bis heute andauernde Tradition der Lehrerbibliothekare am Mariengymnasium, die neben ihrer Unterrichtsverpflichtung und der Einarbeitung der Neuanschaffungen das anvertraute B\u00fcchererbe ordnen und wissenschaftlich vermitteln. &nbsp;<\/li>\n<\/ul>\n\n\n\n<figure class=\"wp-block-image alignright size-full is-resized\"><img loading=\"lazy\" decoding=\"async\" width=\"900\" height=\"600\" src=\"https:\/\/www.foerderverein-bibliothek.de\/wp-content\/uploads\/2022\/09\/00k_2020-05-01-MGJ-Bluetenteppich.jpg\" alt=\"\" class=\"wp-image-610\" style=\"width:404px;height:269px\" srcset=\"https:\/\/www.foerderverein-bibliothek.de\/wp-content\/uploads\/2022\/09\/00k_2020-05-01-MGJ-Bluetenteppich.jpg 900w, https:\/\/www.foerderverein-bibliothek.de\/wp-content\/uploads\/2022\/09\/00k_2020-05-01-MGJ-Bluetenteppich-300x200.jpg 300w, https:\/\/www.foerderverein-bibliothek.de\/wp-content\/uploads\/2022\/09\/00k_2020-05-01-MGJ-Bluetenteppich-768x512.jpg 768w\" sizes=\"auto, (max-width: 900px) 100vw, 900px\" \/><figcaption class=\"wp-element-caption\">Blick entlang dem Schulbau von 1900 &#8211; hinter den hinteren vier Fenstern liegt die historische Bibliothek<\/figcaption><\/figure>\n\n\n\n<ul class=\"wp-block-list\">\n<li>1900 erhielt &#8211; im Neubau des Mariengymnasiums gegen\u00fcber vom Schloss &#8211; die Bibliothek einen extra konzipierten, gro\u00dfen Raum. &nbsp;Aber auch dieser wurde bald zu eng. &nbsp;<\/li>\n<\/ul>\n\n\n\n<ul class=\"wp-block-list\">\n<li>Im Nationalsozialismus kamen B\u00fccher demokratischer und j\u00fcdischer Schriftsteller und von Autoren der feindlichen Staaten zur Aussonderung; jedoch war ihre Anzahl wegen der schon l\u00e4ngeren v\u00f6lkischen Ausrichtung des Kollegiums relativ gering. Besonderer Wert wurde auf die Anschaffung von Werken der NS-Ideologie und des \u201eGermanentums\u201c gelegt.<\/li>\n<\/ul>\n\n\n\n<ul class=\"wp-block-list\">\n<li>Zum Schutze vor Sch\u00e4den durch Luftangriffe wurden 1942 die wertvollsten B\u00e4nde in Kisten im Luftschutzkeller eingelagert und im Februar 1945 auf die 430-Meter-Sohle des Salzbergwerks Grasleben bei Helmstedt gebracht.<\/li>\n<\/ul>\n\n\n\n<ul class=\"wp-block-list\">\n<li>1946 kamen die ausgelagerten Kisten ohne Verluste zur\u00fcck. Auf der Basis von Listen der Deutschen B\u00fccherei wurde das NS-Schrifttum entfernt \u2013 von denselben Personen, die es angeschafft hatten.<\/li>\n<\/ul>\n\n\n\n<ul class=\"wp-block-list\">\n<li>In der Nachkriegszeit florierte die Ausleihe an deutsche und \u00f6sterreichische Offiziere und Soldaten, die \u2013 formal kriegsgefangen \u2013 sich obschon n\u00f6rdlich des Jade-Ems-Kanals frei bewegen durften.<\/li>\n<\/ul>\n\n\n\n<ul class=\"wp-block-list\">\n<li>1954 ging die Tr\u00e4gerschaft des Mariengymnasiums von der Stadt Jever auf den Landkreis Friesland \u00fcber. Das verringerte in der Folge die gro\u00dfen Ausstattungsprobleme der Schule und damit auch der &nbsp;Bibliothek.<\/li>\n<\/ul>\n\n\n\n<ul class=\"wp-block-list\">\n<li>1961 konnte der unter der Bibliothek gelegene, gro\u00dfe Kellerraum als Magazin f\u00fcr den Altbestand akquiriert werden. Zwei kleinere R\u00e4ume kamen sp\u00e4ter als Pr\u00e4senzbibliothek f\u00fcr die Lehrer hinzu. Bibliothek und Best\u00e4nde wurden an das nieders\u00e4chsische Fernleihsystem angeschlossen, die Musikalien \u00fcber das Deutsche Musikgeschichtliche Archiv Kassel und die Handschriftensammlung durch ein gedrucktes Findbuch erschlossen.<\/li>\n<\/ul>\n\n\n\n<ul class=\"wp-block-list\">\n<li>1997 entstand am Mariengymnasium die Idee, alle B\u00fcchersammlungen der Schule \u2013 Lehrerbibliothek samt historischen Sammlung, Oberstufenbibliothek, Mittelstufenbibliothek &#8211;&nbsp; an einem einzigen Ort zu vereinigen und diesen zum geistigen und lebendigen Treffpunkt der Schule&nbsp; zu entwickeln.<\/li>\n<\/ul>\n\n\n\n<ul class=\"wp-block-list\">\n<li>Im Mai 2000 fand die Einweihung der Gesamtbibliothek auf 420 qm im Hochparterre des Schulgeb\u00e4udes von 1900 statt. Ort des historischen Bestands ist ein besonders gesicherter Raum. Im Souterrain des Altbaus entstand eine Buchwerkstatt zur hausinternen Aufarbeitung leichterer Einband- und Papiersch\u00e4den. Wichtiger Unterst\u00fctzer dieser Vorhaben und vieler weiterer Schritte war der 1998 gegr\u00fcndete F\u00f6rderverein der Bibliothek.<\/li>\n<\/ul>\n\n\n\n<figure class=\"wp-block-image alignleft size-full is-resized\"><img loading=\"lazy\" decoding=\"async\" width=\"763\" height=\"508\" src=\"https:\/\/www.foerderverein-bibliothek.de\/wp-content\/uploads\/2022\/09\/Umbau.jpg\" alt=\"\" class=\"wp-image-493\" style=\"width:409px;height:272px\" srcset=\"https:\/\/www.foerderverein-bibliothek.de\/wp-content\/uploads\/2022\/09\/Umbau.jpg 763w, https:\/\/www.foerderverein-bibliothek.de\/wp-content\/uploads\/2022\/09\/Umbau-300x200.jpg 300w\" sizes=\"auto, (max-width: 763px) 100vw, 763px\" \/><figcaption class=\"wp-element-caption\">Es wird umgebaut<\/figcaption><\/figure>\n\n\n\n<ul class=\"wp-block-list\">\n<li>2000 resp. 2003 erschienen &#8211; in Kooperation der Landesbibliothek Oldenburg mit dem Schlossmuseum Jever &#8211; gedruckte, wissenschaftliche Kataloge der Best\u00e4nde Remmer von Seediek und&nbsp; Johann Ludwig von Anhalt-Zerbst.<br><\/li>\n\n\n\n<li>2004 wurde die Zweigstelle des Mariengymnasiums in Schortens gegr\u00fcndet, gleichzeitig wurde dort eine Sch\u00fclerb\u00fccherei eingerichtet, die 2006 in einen gr\u00f6\u00dferen Raum umzog und mit einer neuen Einrichtung ausgestattet wurde. Bis zur Aufl\u00f6sung der Zweigstelle wurden alle Jugendb\u00fccher deshalb doppelt angeschafft. 2014 wurde die Zweigstelle aufgel\u00f6st. Teile der Einrichtung und der komplette Buchbestand wurden in die B\u00fccherei der Hauptstelle integriert. <\/li>\n<\/ul>\n\n\n\n<figure class=\"wp-block-image aligncenter size-full is-resized\"><img loading=\"lazy\" decoding=\"async\" width=\"800\" height=\"531\" src=\"https:\/\/www.foerderverein-bibliothek.de\/wp-content\/uploads\/2022\/09\/00k_Schortens.jpg\" alt=\"\" class=\"wp-image-491\" style=\"width:363px;height:240px\" srcset=\"https:\/\/www.foerderverein-bibliothek.de\/wp-content\/uploads\/2022\/09\/00k_Schortens.jpg 800w, https:\/\/www.foerderverein-bibliothek.de\/wp-content\/uploads\/2022\/09\/00k_Schortens-300x199.jpg 300w, https:\/\/www.foerderverein-bibliothek.de\/wp-content\/uploads\/2022\/09\/00k_Schortens-768x510.jpg 768w\" sizes=\"auto, (max-width: 800px) 100vw, 800px\" \/><figcaption class=\"wp-element-caption\">Pausenstimmung in der Zweigstellenbibliothek <\/figcaption><\/figure>\n\n\n\n<ul class=\"wp-block-list\">\n<li>2020 kamen Aufarbeitung und Restaurierung der Altbest\u00e4nde weitgehend zum Abschluss. F\u00fcr die kontinuierliche Buchpflege steht weiterhin eine \u2013 nun zusammen mit dem Schlossmuseum &#8211; betriebene Buchwerkstatt am Mariengymnasium zur Verf\u00fcgung.&nbsp;<\/li>\n<\/ul>\n\n\n\n<ul class=\"wp-block-list\">\n<li>Buchausstellungen, sonstige Veranstaltungen und die \u00d6ffnung f\u00fcr Schulexterne haben die Bibliothek seit 2000 als Player im regionalen Kulturleben etabliert. Im schulischen Binnenbereich sind ihre R\u00e4ume und Best\u00e4nde B\u00fchne und Gegenstand von Unterricht, Projekten und freiem Schulleben. &#8211; &nbsp;Ein Bildungsangebot, das durch die Bibliotheksleitung st\u00e4ndig erweitert und neu justiert wird. &nbsp;&nbsp;&nbsp;<\/li>\n<\/ul>\n\n\n\n<figure class=\"wp-block-image aligncenter size-full is-resized\"><img loading=\"lazy\" decoding=\"async\" width=\"800\" height=\"711\" src=\"https:\/\/www.foerderverein-bibliothek.de\/wp-content\/uploads\/2022\/09\/00k_Uli-Lesung-Hesse-L.-19.9.-Bibliothek-3.jpg\" alt=\"\" class=\"wp-image-495\" style=\"width:291px;height:258px\" srcset=\"https:\/\/www.foerderverein-bibliothek.de\/wp-content\/uploads\/2022\/09\/00k_Uli-Lesung-Hesse-L.-19.9.-Bibliothek-3.jpg 800w, https:\/\/www.foerderverein-bibliothek.de\/wp-content\/uploads\/2022\/09\/00k_Uli-Lesung-Hesse-L.-19.9.-Bibliothek-3-300x267.jpg 300w, https:\/\/www.foerderverein-bibliothek.de\/wp-content\/uploads\/2022\/09\/00k_Uli-Lesung-Hesse-L.-19.9.-Bibliothek-3-768x683.jpg 768w\" sizes=\"auto, (max-width: 800px) 100vw, 800px\" \/><figcaption class=\"wp-element-caption\">Lesung mit dem Sportjournalisten Uli Hesse-Lichtenberger am 19.9.10<\/figcaption><\/figure>\n\n\n<p><strong>Einen detaillierten Aufsatz von Hartmut Peters zur Geschichte der Bibliothek finden Sie im Buch <\/strong><em>Die Bibliothek des Mariengymnasiums Jever \u2013 ein Kosmos f\u00fcr sich <\/em>(S. 18 \u2013 44).<\/p>\n<\/p>\n\n\n<h2 class=\"wp-block-heading has-text-align-center\">Bericht aus der Bauphase<\/h2>\n\n\n\n<p><em>Text von Matthias Bollmeyer \/ Bilder von Hartmut Peters<\/em><\/p>\n\n\n\n<p>F\u00fcr die Einrichtung einer Gesamtbibliothek am Mariengymnasium in Jever wird der Altbaufl\u00fcgel am P. &#8211; W. &#8211; Janssen &#8211; Weg umgebaut. Dabei werden 5 Klassenr\u00e4ume sowie der momentane Kopierraum zu einem gro\u00dfen Bereich zusammengef\u00fcgt, wobei jedoch abgeschlossene R\u00e4ume f\u00fcr den Verwalter der Bibliothek und die historische Bibliothek erhalten bleiben sollen. Gleichzeitig werden in anderen Geb\u00e4udeteilen des Gymnasiums R\u00e4ume wieder frei, wie zum Beispiel der Raum, in dem sich im Moment die Oberstufenbibliothek befindet.<\/p>\n\n\n\n<figure class=\"wp-block-image size-full\"><img loading=\"lazy\" decoding=\"async\" width=\"886\" height=\"591\" src=\"https:\/\/www.foerderverein-bibliothek.de\/wp-content\/uploads\/2022\/08\/bausw.gif\" alt=\"\" class=\"wp-image-187\"\/><figcaption class=\"wp-element-caption\">Der Bauplan mit Fotos der Bauarbeiten <\/figcaption><\/figure>\n\n\n\n<p>Von der Schule und vom P. &#8211; W. &#8211; Janssen &#8211; Weg her sollen Eing\u00e4nge in ein helles Foyer f\u00fchren, in dem f\u00fcr den Benutzer auch die neuen Medien integriert sind. Au\u00dfer diesen Computerarbeitspl\u00e4tzen entstehen an verschiedenen Stellen in der Bibliothek Arbeits- und Lesepl\u00e4tze, ein Raum wird f\u00fcr Gruppenarbeiten ganzer Klassen und Kurse hergerichtet.<\/p>\n\n\n\n<p>Der Baubeginn soll im Juli 1999 erfolgen, als Er\u00f6ffnungsdatum f\u00fcr die neue Bibliothek ist das Jahr 2000 geplant, in das der 500. Geburtstag von Fr\u00e4ulein Maria von Jever f\u00e4llt, sowie das Mariengymnasium 100 Jahre an der Terrasse in Jever beheimatet ist.<\/p>\n\n\n\n<hr class=\"wp-block-separator has-alpha-channel-opacity\"\/>\n\n\n\n<figure class=\"wp-block-image aligncenter size-full is-resized\"><img loading=\"lazy\" decoding=\"async\" width=\"568\" height=\"385\" src=\"https:\/\/www.foerderverein-bibliothek.de\/wp-content\/uploads\/2022\/08\/regal11.jpg\" alt=\"\" class=\"wp-image-183\" style=\"width:490px;height:332px\" srcset=\"https:\/\/www.foerderverein-bibliothek.de\/wp-content\/uploads\/2022\/08\/regal11.jpg 568w, https:\/\/www.foerderverein-bibliothek.de\/wp-content\/uploads\/2022\/08\/regal11-300x203.jpg 300w\" sizes=\"auto, (max-width: 568px) 100vw, 568px\" \/><figcaption class=\"wp-element-caption\">Der Buchkeller mit dem historischen Bestand vor dem Umbau<\/figcaption><\/figure>\n\n\n\n<figure class=\"wp-block-image aligncenter size-full is-resized\"><img loading=\"lazy\" decoding=\"async\" width=\"568\" height=\"386\" src=\"https:\/\/www.foerderverein-bibliothek.de\/wp-content\/uploads\/2022\/08\/regal21.jpg\" alt=\"\" class=\"wp-image-184\" style=\"width:498px;height:338px\" srcset=\"https:\/\/www.foerderverein-bibliothek.de\/wp-content\/uploads\/2022\/08\/regal21.jpg 568w, https:\/\/www.foerderverein-bibliothek.de\/wp-content\/uploads\/2022\/08\/regal21-300x204.jpg 300w\" sizes=\"auto, (max-width: 568px) 100vw, 568px\" \/><figcaption class=\"wp-element-caption\">Blick in den Arbeitsraum des Bibliothekars vor dem Umzug <\/figcaption><\/figure>\n\n\n\n<p><\/p>\n\n\n\n<h2 class=\"wp-block-heading has-text-align-center\">Einweihung der neuen Bibliothek<\/h2>\n\n\n\n<p><strong>Text und Bilder von Matthias Bollmeyer<\/strong><\/p>\n\n\n\n<figure class=\"wp-block-image alignright\"><img decoding=\"async\" src=\"http:\/\/www.mgbibliothek.mgjever.de\/bilder\/festakt4.jpg\" alt=\"Da geht's lang...\"\/><\/figure>\n\n\n\n<p>Es ist Montag, der 22. Mai 2000, kurz vor 17 Uhr. Die Schulleiterin des Mariengymnasiums Jever, Dorothe Levin, Bibliotheksleiter Hartmut Peters und Enno Sch\u00f6nbohm, Vorsitzender des F\u00f6rdervereins Bibliothek des Mariengymnasiums e. V. Jever erwarten die ersten G\u00e4ste, die heute ausnahmsweise sogar durch den alten Haupteingang die Schule betreten d\u00fcrfen. Besonderer Anla\u00df: Mit einem Festakt in der Aula werden die neuen R\u00e4umlichkeiten der Gesamtbibliothek der Schule eingeweiht. <\/p>\n\n\n\n<figure class=\"wp-block-image alignleft is-resized\"><img decoding=\"async\" src=\"http:\/\/www.mgbibliothek.mgjever.de\/bilder\/festakt5.jpg\" alt=\"Die Aula f\u00fcllt sich mit den G\u00e4sten...\" style=\"width:375px;height:255px\"\/><\/figure>\n\n\n\n<p>Nach fast zwei Jahren Projekt- und Bauzeit sind nat\u00fcrlich viele Jeveraner, ehemalige Sch\u00fcler und Lehrer gespannt, wie sich das Ergebnis pr\u00e4sentiert.<br>Unter den G\u00e4sten befinden sich au\u00dferdem die B\u00fcrgermeisterin Margot Lorenzen, Stadtdirektor Ingo Hashagen, Landr\u00e4tin Karin Evers &#8211; Meyer, Oberkreisdirektor Dr. Knippert und sogar der Regierungspr\u00e4sident des Regierungsbezirks Weser &#8211; Ems, Bernd Theilen, der der Einladung seiner alten Schule gerne gefolgt ist. Au\u00dferdem ist der Vorstand des F\u00f6rdervereins Bibliothek des Mariengymnasiums e. V. Jever anwesend, ferner Angeh\u00f6rige von Handwerksbetrieben, die am Umbau mitgewirkt haben und viele der Personen, die durch eine kleine oder gro\u00dfe Spende die Ma\u00dfnahmen unterst\u00fctzt haben.<br><\/p>\n\n\n\n<hr class=\"wp-block-separator has-alpha-channel-opacity\"\/>\n\n\n\n<h3 class=\"wp-block-heading\">Die Redner und ihre Reden:<\/h3>\n\n\n\n<figure class=\"wp-block-image alignright is-resized\"><img decoding=\"async\" src=\"http:\/\/www.mgbibliothek.mgjever.de\/bilder\/festakt6.jpg\" alt=\"Schulleiterin Dorothe Levin er\u00f6ffnet mit ihrer Rede den Festakt...\" style=\"width:237px;height:322px\"\/><figcaption class=\"wp-element-caption\"><em>Dorothe Levin (Schulleiterin)<\/em><\/figcaption><\/figure>\n\n\n\n<p><strong>Frau Levin  (Schulleiterin) <\/strong>bedankt sich im Namen der Schule beim Landkreis Friesland f\u00fcr die gute Zusammenarbeit w\u00e4hrend der Bauphase und freut sich, da\u00df so viele G\u00e4ste zur Einweihung gekommen w\u00e4ren. Die neue Bibliothek werde ein modernes Arbeiten erm\u00f6glichen. Au\u00dferdem soll auch die \u00d6ffentlichkeit davon profitieren: An jedem ersten und dritten Mittwoch im Monat wird die Bibliothek f\u00fcr die Jeveraner ge\u00f6ffnet sein.<br><strong>Karin Evers &#8211; Meyer (Landr\u00e4tin Landkreis Friesland)<\/strong> betont in ihrer Ansprache den gleichberechtigten Einsatz alter wie neuer Medien in der Bibliothek. Im Schnittpunkt zweier Blickachsen k\u00e4men alte B\u00fccher, neue B\u00fccher sowie modernste EDV &#8211; Technik zusammen. So werde den Sch\u00fclern eine optimale und moderne Arbeitsbasis zur Verf\u00fcgung gestellt.<br><\/p>\n\n\n\n<p><\/p>\n\n\n\n<figure class=\"wp-block-image alignright is-resized\"><img decoding=\"async\" src=\"http:\/\/www.mgbibliothek.mgjever.de\/bilder\/festakt8.jpg\" alt=\"Regierungspr\u00e4sident Bernd Theilen und Bibliotheksleiter Hartmut Peters an einem der neuen Computer...\" style=\"width:318px;height:296px\"\/><figcaption class=\"wp-element-caption\">Regierungspr\u00e4sident Weser-Ems Bernd Theilen (links) <\/figcaption><\/figure>\n\n\n\n<p><strong>Bernd Theilen (Regierungspr\u00e4sident Weser &#8211; Ems) <\/strong>blickt in seinem Gru\u00dfwort auf seine eigene Schulzeit zur\u00fcck, als er nur erahnen konnte, was f\u00fcr eine Qualit\u00e4t die Schulbibliothek haben w\u00fcrde. Im Gegendsatz dazu bek\u00e4men die heutigen Sch\u00fcler einen gro\u00dfen modernen Arbeitsbereich, um die Bibliothek sinnvoll nutzen zu k\u00f6nnen.<\/p>\n\n\n\n<p><strong>Brigitte Roeder (Elternvertreterin)<\/strong> spricht f\u00fcr den Elternrat von einem gro\u00dfen Erfolg f\u00fcr die Schule und die Sch\u00fcler. Man habe jetzt beste Arbeitsbedingungen geschaffen, von denen alle Sch\u00fcler profitieren w\u00fcrden.<\/p>\n\n\n\n<p><strong>Michael Basten (Sch\u00fclervertreter)<\/strong> erkl\u00e4rt, dass f\u00fcr die heutigen Sch\u00fcler der Umfang der Bibliothek erst w\u00e4hrend der Phase des Umzugs offensichtlich geworden sei. Viele Sch\u00fcler h\u00e4tten tatkr\u00e4ftig dabei geholfen und hofften nun auf gute Arbeitsm\u00f6glichkeiten in der Bibliothek.<\/p>\n\n\n\n<figure class=\"wp-block-image alignright is-resized\"><img decoding=\"async\" src=\"http:\/\/www.mgbibliothek.mgjever.de\/bilder\/festakt7.jpg\" alt=\"Der Vorsitzende des F\u00f6rdervereins Bibliothek des Mariengymnasiums e. V., Enno Sch\u00f6nbohm, im Gespr\u00e4ch mit G\u00e4sten...\" style=\"width:271px;height:399px\"\/><figcaption class=\"wp-element-caption\">Die noch leeren Regale im Raum der historischen B\u00fccherei<\/figcaption><\/figure>\n\n\n\n<p><strong>Enno Sch\u00f6nbohm (Vorsitzender des F\u00f6rdervereins Bibliothek des Mariengymnasiums e. V. Jever)<\/strong> erz\u00e4hlt, wie er sich seit seiner Schulzeit am Mariengymnasium bis zum Bibliothekar der Schule immer mehr der Bibliothek angen\u00e4hert hat. Er habe sich dem &#8222;Heiligtum&#8220; kontinuierlich entgegenbewegt und denke auch heute noch, da\u00df B\u00fccher ihre Berechtigung gerade in der Schule nicht verloren h\u00e4tten. EDV sei wichtig, aber der Einsatz von und das Arbeiten mit B\u00fcchern sei unerl\u00e4\u00dflich.<br><\/p>\n\n\n\n<hr class=\"wp-block-separator has-alpha-channel-opacity\"\/>\n\n\n\n<figure class=\"wp-block-image aligncenter size-full is-resized\"><img loading=\"lazy\" decoding=\"async\" width=\"502\" height=\"544\" src=\"https:\/\/www.foerderverein-bibliothek.de\/wp-content\/uploads\/2022\/09\/Der-Tresen-im-Eingangsbereich-der-neuen-Bibliothek.jpg\" alt=\"\" class=\"wp-image-527\" style=\"width:-92px;height:-100px\" srcset=\"https:\/\/www.foerderverein-bibliothek.de\/wp-content\/uploads\/2022\/09\/Der-Tresen-im-Eingangsbereich-der-neuen-Bibliothek.jpg 502w, https:\/\/www.foerderverein-bibliothek.de\/wp-content\/uploads\/2022\/09\/Der-Tresen-im-Eingangsbereich-der-neuen-Bibliothek-277x300.jpg 277w\" sizes=\"auto, (max-width: 502px) 100vw, 502px\" \/><figcaption class=\"wp-element-caption\">Der Tresen im Eingangsbereich der neuen Bibliothek<\/figcaption><\/figure>\n\n\n\n<p>Anschlie\u00dfend findet ein Sektempfang in der neuen Bibliothek statt, eine kleine Ausstellung mit Bildern vom Bauablauf kann besucht werden, und die G\u00e4ste besichtigen den Komplex.<br>Die einhellige Meinung: Die Stadt Jever, aber besonders das Mariengymnasium hat einen neuen Mittelpunkt bekommen. Der Umbau ist gelungen! <\/p>\n\n\n\n<figure class=\"wp-block-image\"><img decoding=\"async\" src=\"http:\/\/www.mgbibliothek.mgjever.de\/bilder\/festakt3.jpg\" alt=\"Lese- und Gespr\u00e4chsecke...\"\/><figcaption class=\"wp-element-caption\">Blick in das Foyer<\/figcaption><\/figure>\n\n\n\n<p><\/p>\n\n\n\n<figure class=\"wp-block-table\"><table><tbody><tr><td><img decoding=\"async\" style=\"width: 600px;\" src=\"http:\/\/www.mgbibliothek.mgjever.de\/bilder\/festakt1.jpg\" alt=\"Blick in den neuen Arbeitsbereich...\"><\/td><td><img decoding=\"async\" style=\"width: 500px;\" src=\"http:\/\/www.mgbibliothek.mgjever.de\/bilder\/festakt2.jpg\" alt=\"Im Flur sind Kataloge und neue Medien organisiert...\"><\/td><\/tr><\/tbody><\/table><figcaption class=\"wp-element-caption\">Links einer der Freihandbereiche mit Arbeitsplatz f\u00fcr Sch\u00fcler; rechts der Flur mit Arbeitspl\u00e4tzen<\/figcaption><\/figure>\n","protected":false},"excerpt":{"rendered":"<p>Das heutige Mariengymnasium wurde 1573 von der Regentin Maria von Jever als Lateinschule gegr\u00fcndet. Die \u201eLeges Generales Novae Scholae Ieverensis\u201c&nbsp; von 1573 verf\u00fcgten (in \u00dcbersetzung) \u00fcber die Lehrer: \u201ePassende Schriftsteller, lateinische und griechische, sollen sie vorlegen und erkl\u00e4ren.\u201c&nbsp; \u00dcber eine B\u00fcchersammlung erfahren wir bis ins 18. Jahrhundert hinein indes nur wenig, aber sicherlich hat es [&hellip;]<\/p>\n","protected":false},"author":1,"featured_media":495,"parent":179,"menu_order":0,"comment_status":"closed","ping_status":"closed","template":"","meta":{"_editorskit_title_hidden":true,"_editorskit_reading_time":7,"_editorskit_is_block_options_detached":false,"_editorskit_block_options_position":"{}","footnotes":""},"class_list":["post-181","page","type-page","status-publish","has-post-thumbnail","hentry"],"_links":{"self":[{"href":"https:\/\/www.foerderverein-bibliothek.de\/index.php?rest_route=\/wp\/v2\/pages\/181","targetHints":{"allow":["GET"]}}],"collection":[{"href":"https:\/\/www.foerderverein-bibliothek.de\/index.php?rest_route=\/wp\/v2\/pages"}],"about":[{"href":"https:\/\/www.foerderverein-bibliothek.de\/index.php?rest_route=\/wp\/v2\/types\/page"}],"author":[{"embeddable":true,"href":"https:\/\/www.foerderverein-bibliothek.de\/index.php?rest_route=\/wp\/v2\/users\/1"}],"replies":[{"embeddable":true,"href":"https:\/\/www.foerderverein-bibliothek.de\/index.php?rest_route=%2Fwp%2Fv2%2Fcomments&post=181"}],"version-history":[{"count":34,"href":"https:\/\/www.foerderverein-bibliothek.de\/index.php?rest_route=\/wp\/v2\/pages\/181\/revisions"}],"predecessor-version":[{"id":1350,"href":"https:\/\/www.foerderverein-bibliothek.de\/index.php?rest_route=\/wp\/v2\/pages\/181\/revisions\/1350"}],"up":[{"embeddable":true,"href":"https:\/\/www.foerderverein-bibliothek.de\/index.php?rest_route=\/wp\/v2\/pages\/179"}],"wp:featuredmedia":[{"embeddable":true,"href":"https:\/\/www.foerderverein-bibliothek.de\/index.php?rest_route=\/wp\/v2\/media\/495"}],"wp:attachment":[{"href":"https:\/\/www.foerderverein-bibliothek.de\/index.php?rest_route=%2Fwp%2Fv2%2Fmedia&parent=181"}],"curies":[{"name":"wp","href":"https:\/\/api.w.org\/{rel}","templated":true}]}}