{"id":150,"date":"2022-08-01T22:18:32","date_gmt":"2022-08-01T20:18:32","guid":{"rendered":"https:\/\/www.foerderverein-bibliothek.de\/?page_id=150"},"modified":"2022-09-04T13:09:52","modified_gmt":"2022-09-04T11:09:52","slug":"beitrittserklaerung","status":"publish","type":"page","link":"https:\/\/www.foerderverein-bibliothek.de\/?page_id=150","title":{"rendered":"Beitrittserkl\u00e4rung"},"content":{"rendered":"\n<div class=\"wp-block-group is-nowrap is-layout-flex wp-container-core-group-is-layout-6c531013 wp-block-group-is-layout-flex\">\n<p>Mit Ihrer Mitgliedschaft im F\u00f6rderverein Bibliothek des Mariengymnasiums Jever e.V. Jever und \/ oder Ihrer Spende unterst\u00fctzen Sie (gem\u00e4\u00df \u00a7 2 unserer Satzung) <br>&#8211; die Aufarbeitung, Pflege, Restaurierung und wissenschaftliche Erschlie\u00dfung unseres Buchbestands<br>&#8211; die Pr\u00e4sentation unseres Buchbestandes in Ausstellungen und Publikationen<br>&#8211; die F\u00f6rderung von Veranstaltungen zur Lesekultur und<br>&#8211; den Ankauf von B\u00fcchern zur Erg\u00e4nzung des Altbestands und der Anschaffungen der Schule.<br><\/p>\n\n\n\n<div class=\"wp-block-group is-nowrap is-layout-flex wp-container-core-group-is-layout-6c531013 wp-block-group-is-layout-flex\">\n<div class=\"wp-block-group is-vertical is-layout-flex wp-container-core-group-is-layout-fe9cc265 wp-block-group-is-layout-flex\">\n<h5 class=\"wp-block-heading\">Alternativ:<br>Beitrittserkl\u00e4rung <br>als Download<br>f\u00fcr den Postversand<\/h5>\n\n\n\n<div class=\"wp-block-file\"><a href=\"https:\/\/www.foerderverein-bibliothek.de\/wp-content\/uploads\/2022\/09\/Foerderverein-Beitrittserklaerung.docx\" class=\"wp-block-file__button\" download>Herunterladen<\/a><\/div>\n<\/div>\n<\/div>\n<\/div>\n\n\n\n<div class=\"wp-block-contact-form-7-contact-form-selector\">\n<div class=\"wpcf7 no-js\" id=\"wpcf7-f139-o1\" lang=\"de-DE\" dir=\"ltr\" data-wpcf7-id=\"139\">\n<div class=\"screen-reader-response\"><p role=\"status\" aria-live=\"polite\" aria-atomic=\"true\"><\/p> <ul><\/ul><\/div>\n<form action=\"\/index.php?rest_route=%2Fwp%2Fv2%2Fpages%2F150#wpcf7-f139-o1\" method=\"post\" class=\"wpcf7-form init\" aria-label=\"Kontaktformular\" novalidate=\"novalidate\" data-status=\"init\">\n<fieldset class=\"hidden-fields-container\"><input type=\"hidden\" name=\"_wpcf7\" value=\"139\" \/><input type=\"hidden\" name=\"_wpcf7_version\" value=\"6.1.5\" \/><input type=\"hidden\" name=\"_wpcf7_locale\" value=\"de_DE\" \/><input type=\"hidden\" name=\"_wpcf7_unit_tag\" value=\"wpcf7-f139-o1\" \/><input type=\"hidden\" name=\"_wpcf7_container_post\" value=\"0\" \/><input type=\"hidden\" name=\"_wpcf7_posted_data_hash\" value=\"\" \/><input type=\"hidden\" name=\"_wpcf7_recaptcha_response\" value=\"\" \/>\n<\/fieldset>\n<p>Hiermit erkl\u00e4re ich meinen Beitritt zum \u201eF\u00f6rderverein Bibliothek des Mariengymnasiums e. V.\u201c.\n<\/p>\n<h2 class=\"has-x-large-font-size\">Pers\u00f6nliche Daten\n<\/h2>\n<p><label><\/label>\n<\/p>\n<div style=\"width:200px; float:left;\">\n\t<p>Vorname\n\t<\/p>\n<\/div>\n<p><span class=\"wpcf7-form-control-wrap\" data-name=\"your-first-name\"><input size=\"40\" maxlength=\"400\" class=\"wpcf7-form-control wpcf7-text wpcf7-validates-as-required\" aria-required=\"true\" aria-invalid=\"false\" value=\"\" type=\"text\" name=\"your-first-name\" \/><\/span><br \/>\n<label><\/label>\n<\/p>\n<div style=\"width:200px; float:left;\">\n\t<p>Nachname\n\t<\/p>\n<\/div>\n<p><span class=\"wpcf7-form-control-wrap\" data-name=\"your-last-name\"><input size=\"40\" maxlength=\"400\" class=\"wpcf7-form-control wpcf7-text wpcf7-validates-as-required\" aria-required=\"true\" aria-invalid=\"false\" value=\"\" type=\"text\" name=\"your-last-name\" \/><\/span>\n<\/p>\n<p><label><\/label>\n<\/p>\n<div style=\"width:200px; float:left;\">\n\t<p>Stra\u00dfe u. Hausnummer\n\t<\/p>\n<\/div>\n<p><span class=\"wpcf7-form-control-wrap\" data-name=\"your-street\"><input size=\"40\" maxlength=\"400\" class=\"wpcf7-form-control wpcf7-text wpcf7-validates-as-required\" aria-required=\"true\" aria-invalid=\"false\" value=\"\" type=\"text\" name=\"your-street\" \/><\/span><br \/>\n<label><\/label>\n<\/p>\n<div style=\"width:200px; float:left;\">\n\t<p>Postleitzahl\n\t<\/p>\n<\/div>\n<p><span class=\"wpcf7-form-control-wrap\" data-name=\"your-zip\"><input size=\"40\" maxlength=\"400\" class=\"wpcf7-form-control wpcf7-text wpcf7-validates-as-required\" aria-required=\"true\" aria-invalid=\"false\" value=\"\" type=\"text\" name=\"your-zip\" \/><\/span><br \/>\n<label><\/label>\n<\/p>\n<div style=\"width:200px; float:left;\">\n\t<p>Ort\n\t<\/p>\n<\/div>\n<p><span class=\"wpcf7-form-control-wrap\" data-name=\"your-town\"><input size=\"40\" maxlength=\"400\" class=\"wpcf7-form-control wpcf7-text wpcf7-validates-as-required\" aria-required=\"true\" aria-invalid=\"false\" value=\"\" type=\"text\" name=\"your-town\" \/><\/span>\n<\/p>\n<p><label><\/label>\n<\/p>\n<div style=\"width:200px; float:left;\">\n\t<p>Telefon\n\t<\/p>\n<\/div>\n<p><span class=\"wpcf7-form-control-wrap\" data-name=\"your-phone\"><input size=\"40\" maxlength=\"400\" class=\"wpcf7-form-control wpcf7-tel wpcf7-validates-as-required wpcf7-text wpcf7-validates-as-tel\" aria-required=\"true\" aria-invalid=\"false\" value=\"\" type=\"tel\" name=\"your-phone\" \/><\/span><br \/>\n<label><\/label>\n<\/p>\n<div style=\"width:200px; float:left;\">\n\t<p>eMail-Adresse\n\t<\/p>\n<\/div>\n<p><span class=\"wpcf7-form-control-wrap\" data-name=\"your-email\"><input size=\"40\" maxlength=\"400\" class=\"wpcf7-form-control wpcf7-email wpcf7-validates-as-required wpcf7-text wpcf7-validates-as-email\" aria-required=\"true\" aria-invalid=\"false\" value=\"\" type=\"email\" name=\"your-email\" \/><\/span>\n<\/p>\n<h2 class=\"has-x-large-font-size\">Bankverbindung\n<\/h2>\n<p><label><\/label>\n<\/p>\n<div style=\"width:200px; float:left;\">\n\t<p>Kontoinhaber\n\t<\/p>\n<\/div>\n<p><span class=\"wpcf7-form-control-wrap\" data-name=\"your-account-owner\"><input size=\"40\" maxlength=\"400\" class=\"wpcf7-form-control wpcf7-text wpcf7-validates-as-required\" aria-required=\"true\" aria-invalid=\"false\" value=\"\" type=\"text\" name=\"your-account-owner\" \/><\/span><br \/>\n<label><\/label>\n<\/p>\n<div style=\"width:200px; float:left;\">\n\t<p>IBAN\n\t<\/p>\n<\/div>\n<p><span class=\"wpcf7-form-control-wrap\" data-name=\"your-iban\"><input size=\"40\" maxlength=\"400\" class=\"wpcf7-form-control wpcf7-text wpcf7-validates-as-required\" aria-required=\"true\" aria-invalid=\"false\" value=\"\" type=\"text\" name=\"your-iban\" \/><\/span><br \/>\n<label><\/label>\n<\/p>\n<div style=\"width:200px; float:left;\">\n\t<p>BIC\n\t<\/p>\n<\/div>\n<p><span class=\"wpcf7-form-control-wrap\" data-name=\"your-bic\"><input size=\"40\" maxlength=\"400\" class=\"wpcf7-form-control wpcf7-text wpcf7-validates-as-required\" aria-required=\"true\" aria-invalid=\"false\" value=\"\" type=\"text\" name=\"your-bic\" \/><\/span><br \/>\n<label><\/label>\n<\/p>\n<div style=\"width:200px; float:left;\">\n\t<p>Kreditinstitut\n\t<\/p>\n<\/div>\n<p><span class=\"wpcf7-form-control-wrap\" data-name=\"your-bank\"><input size=\"40\" maxlength=\"400\" class=\"wpcf7-form-control wpcf7-text wpcf7-validates-as-required\" aria-required=\"true\" aria-invalid=\"false\" value=\"\" type=\"text\" name=\"your-bank\" \/><\/span>\n<\/p>\n<h2 class=\"has-x-large-font-size\">Mitgliedsbeitrag\n<\/h2>\n<p>Den Mitgliedsbeitrag in H\u00f6he von j\u00e4hrlich<br \/>\n<span class=\"wpcf7-form-control-wrap\" data-name=\"Mitgliedsbeitrag\"><span class=\"wpcf7-form-control wpcf7-radio\"><span class=\"wpcf7-list-item first\"><label><input type=\"radio\" name=\"Mitgliedsbeitrag\" value=\"EUR 20,-\" checked=\"checked\" \/><span class=\"wpcf7-list-item-label\">EUR 20,-<\/span><\/label><\/span><span class=\"wpcf7-list-item last\"><label><input type=\"radio\" name=\"Mitgliedsbeitrag\" value=\"EUR 10,- *\" \/><span class=\"wpcf7-list-item-label\">EUR 10,- *<\/span><\/label><\/span><\/span><\/span><br \/>\nbitte ich jeweils im ersten Quartal des Kalenderjahres zu Lasten meines Bankkontos mittels Lastschrift einzuziehen.<br \/>\n*) Erm\u00e4\u00dfigter Beitrag f\u00fcr Sch\u00fcler, Studenten, Arbeitslose, Wehr- und Zivildienstleistende, Sozialhilfeempf\u00e4nger und vergleichbare Gruppen.\n<\/p>\n<h2 class=\"has-x-large-font-size\">Spende\n<\/h2>\n<p>Meine steuerabzugsf\u00e4hige Spende* in H\u00f6he von EUR <span class=\"wpcf7-form-control-wrap\" data-name=\"Spendenbetrag\"><input class=\"wpcf7-form-control wpcf7-number wpcf7-validates-as-number\" aria-invalid=\"false\" value=\"\" type=\"number\" name=\"Spendenbetrag\" \/><\/span> bitte ich ebenfalls zu Lasten des o. a. Kontos<br \/>\n<span class=\"wpcf7-form-control-wrap\" data-name=\"Spendenart\"><span class=\"wpcf7-form-control wpcf7-radio\"><span class=\"wpcf7-list-item first\"><label><input type=\"radio\" name=\"Spendenart\" value=\"einmalig\" checked=\"checked\" \/><span class=\"wpcf7-list-item-label\">einmalig<\/span><\/label><\/span><span class=\"wpcf7-list-item last\"><label><input type=\"radio\" name=\"Spendenart\" value=\"j\u00e4hrlich\" \/><span class=\"wpcf7-list-item-label\">j\u00e4hrlich<\/span><\/label><\/span><\/span><\/span><br \/>\neinzuziehen.\n<\/p>\n<p>Bitte \u00fcbersenden Sie mir eine Spendenquittung: <span class=\"wpcf7-form-control-wrap\" data-name=\"Spendenquittung\"><span class=\"wpcf7-form-control wpcf7-radio\"><span class=\"wpcf7-list-item first\"><label><input type=\"radio\" name=\"Spendenquittung\" value=\"ja\" checked=\"checked\" \/><span class=\"wpcf7-list-item-label\">ja<\/span><\/label><\/span><span class=\"wpcf7-list-item last\"><label><input type=\"radio\" name=\"Spendenquittung\" value=\"nein\" \/><span class=\"wpcf7-list-item-label\">nein<\/span><\/label><\/span><\/span><\/span>\n<\/p>\n<div class=\"wp-container-12 wp-block-columns has-background-color has-text-color has-background\" style=\"background-color:#b9b9b9;>\n\t<div class=\"wp-container-11 wp-block-column\" style=\"flex-basis:100%;\">\n\t\t<h2 class=\"has-x-large-font-size\" style=\"color:#000000;margin-right:20px;\">Anmerkung zum Datenschutz\n\t\t<\/h2>\n\t\t<p><br clear=\"all\" \/>\n\t\t<\/p>\n\t\t<p style=\"color:#000000;\">Mit Ihrer Unterschrift akzeptieren Sie, dass der F\u00f6rderverein Bibliothek des Mariengymnasiums e. V. Ihre Daten zur Vereinsverwaltung in einer DV-Anlage speichert. Ihre Daten werden allerdings nur f\u00fcr vereinsinterne Zwecke ben\u00f6tigt und vertraulich behandelt!\n\t\t<\/p>\n\t<\/div>\n<\/div>\n<p>Ich best\u00e4tige mit Absenden des Formulars, dass ich den F\u00f6rderverein Bibliothek des Mariengymnasiums e. V. bis auf Widerruf erm\u00e4chtige, wie oben ausgew\u00e4hlt von meinem Konto abzubuchen.\n<\/p>\n<input class=\"wpcf7-form-control wpcf7-hidden\" value=\"F\u00f6rderverein Bibliothek des Mariengymnasiums e.V. - Beitrittserkl\u00e4rung\" type=\"hidden\" name=\"your-subject\" \/>\n<p><label> Mitteilung an den F\u00f6rderverein (optional)<br \/>\n<span class=\"wpcf7-form-control-wrap\" data-name=\"your-message\"><textarea cols=\"100\" rows=\"6\" maxlength=\"2000\" class=\"wpcf7-form-control wpcf7-textarea\" aria-invalid=\"false\" name=\"your-message\"><\/textarea><\/span> <\/label>\n<\/p>\n<p><input class=\"wpcf7-form-control wpcf7-submit has-spinner\" type=\"submit\" value=\"Mitgliedsantrag abschicken (verbindlich)\" \/>\n<\/p><div class=\"wpcf7-response-output\" aria-hidden=\"true\"><\/div>\n<\/form>\n<\/div>\n<\/div>\n","protected":false},"excerpt":{"rendered":"<p>Mit Ihrer Mitgliedschaft im F\u00f6rderverein Bibliothek des Mariengymnasiums Jever e.V. Jever und \/ oder Ihrer Spende unterst\u00fctzen Sie (gem\u00e4\u00df \u00a7 2 unserer Satzung) &#8211; die Aufarbeitung, Pflege, Restaurierung und wissenschaftliche Erschlie\u00dfung unseres Buchbestands&#8211; die Pr\u00e4sentation unseres Buchbestandes in Ausstellungen und Publikationen&#8211; die F\u00f6rderung von Veranstaltungen zur Lesekultur und&#8211; den Ankauf von B\u00fcchern zur Erg\u00e4nzung des [&hellip;]<\/p>\n","protected":false},"author":1,"featured_media":0,"parent":175,"menu_order":30,"comment_status":"closed","ping_status":"closed","template":"","meta":{"_editorskit_title_hidden":false,"_editorskit_reading_time":1,"_editorskit_is_block_options_detached":false,"_editorskit_block_options_position":"{}","footnotes":""},"class_list":["post-150","page","type-page","status-publish","hentry"],"_links":{"self":[{"href":"https:\/\/www.foerderverein-bibliothek.de\/index.php?rest_route=\/wp\/v2\/pages\/150","targetHints":{"allow":["GET"]}}],"collection":[{"href":"https:\/\/www.foerderverein-bibliothek.de\/index.php?rest_route=\/wp\/v2\/pages"}],"about":[{"href":"https:\/\/www.foerderverein-bibliothek.de\/index.php?rest_route=\/wp\/v2\/types\/page"}],"author":[{"embeddable":true,"href":"https:\/\/www.foerderverein-bibliothek.de\/index.php?rest_route=\/wp\/v2\/users\/1"}],"replies":[{"embeddable":true,"href":"https:\/\/www.foerderverein-bibliothek.de\/index.php?rest_route=%2Fwp%2Fv2%2Fcomments&post=150"}],"version-history":[{"count":17,"href":"https:\/\/www.foerderverein-bibliothek.de\/index.php?rest_route=\/wp\/v2\/pages\/150\/revisions"}],"predecessor-version":[{"id":416,"href":"https:\/\/www.foerderverein-bibliothek.de\/index.php?rest_route=\/wp\/v2\/pages\/150\/revisions\/416"}],"up":[{"embeddable":true,"href":"https:\/\/www.foerderverein-bibliothek.de\/index.php?rest_route=\/wp\/v2\/pages\/175"}],"wp:attachment":[{"href":"https:\/\/www.foerderverein-bibliothek.de\/index.php?rest_route=%2Fwp%2Fv2%2Fmedia&parent=150"}],"curies":[{"name":"wp","href":"https:\/\/api.w.org\/{rel}","templated":true}]}}