{"id":148,"date":"2022-08-01T22:17:43","date_gmt":"2022-08-01T20:17:43","guid":{"rendered":"https:\/\/www.foerderverein-bibliothek.de\/?page_id=148"},"modified":"2023-02-27T02:48:20","modified_gmt":"2023-02-27T00:48:20","slug":"vereinszweck","status":"publish","type":"page","link":"https:\/\/www.foerderverein-bibliothek.de\/?page_id=148","title":{"rendered":"Vereinszweck"},"content":{"rendered":"\n<p>Als der F\u00f6rderverein Bibliothek des Mariengymnasiums e. V. Jever im November 1998 gegr\u00fcndet wurde, stellte sich die damalige Situation der Bibliothek h\u00f6chst unbefriedigend dar. Der aktuelle B\u00fccherbestand war auf drei unterschiedliche Buchsammlungen mit unterschiedlichen Systematiken innerhalb der Schule verteilt und die historische Bibliothek fristete im Keller ein Schattendasein.<\/p>\n\n\n\n<figure class=\"wp-block-image aligncenter size-large is-resized\"><img loading=\"lazy\" decoding=\"async\" src=\"https:\/\/www.foerderverein-bibliothek.de\/wp-content\/uploads\/2023\/02\/Foerderverein-Bibliothek-Gruendung-JWB-13.11.98-Bild-S.1-1024x935.jpg\" alt=\"\" class=\"wp-image-1054\" width=\"399\" height=\"364\" srcset=\"https:\/\/www.foerderverein-bibliothek.de\/wp-content\/uploads\/2023\/02\/Foerderverein-Bibliothek-Gruendung-JWB-13.11.98-Bild-S.1-1024x935.jpg 1024w, https:\/\/www.foerderverein-bibliothek.de\/wp-content\/uploads\/2023\/02\/Foerderverein-Bibliothek-Gruendung-JWB-13.11.98-Bild-S.1-300x274.jpg 300w, https:\/\/www.foerderverein-bibliothek.de\/wp-content\/uploads\/2023\/02\/Foerderverein-Bibliothek-Gruendung-JWB-13.11.98-Bild-S.1-768x701.jpg 768w, https:\/\/www.foerderverein-bibliothek.de\/wp-content\/uploads\/2023\/02\/Foerderverein-Bibliothek-Gruendung-JWB-13.11.98-Bild-S.1-1536x1402.jpg 1536w, https:\/\/www.foerderverein-bibliothek.de\/wp-content\/uploads\/2023\/02\/Foerderverein-Bibliothek-Gruendung-JWB-13.11.98-Bild-S.1.jpg 1689w\" sizes=\"auto, (max-width: 399px) 100vw, 399px\" \/><figcaption class=\"wp-element-caption\">Der Gr\u00fcndungsvorstand im November 1998 von links: Matthias Bollmeyer (noch heute unser Schriftf\u00fchrer), 2. stellvertretende Vorsitzende Erke Noth, Vorsitzender Enno Sch\u00f6nbohm, 1. stellvertretender Vorsitzender Christfried Kowalewski und Hartmut Kroll (noch heute unser Schatzmeister)<\/figcaption><\/figure>\n\n\n\n<p>Der Verein setzte es sich daher zum Ziel, die Schaffung einer Gesamtbibliothek w\u00e4hrend der Bau- und Gr\u00fcndungsphase finanziell zu unterst\u00fctzen und im weiteren Verlauf deren fachlich-inhaltliche Arbeit zu f\u00f6rdern. Besondere Schwerpunkte wurden in die langfristige Einbeziehung von historischen B\u00fcchern und neuen Medien sowie in die \u00d6ffnung der Bibliothek f\u00fcr die Allgemeinheit gesetzt.<\/p>\n\n\n\n<p>Nach Abschluss der umfangreichen Bauma\u00dfnahmen im Mariengymnasium konnten im Mai 2000 die neu gestalteten R\u00e4ume der Gesamtbibliothek eingeweiht werden. Gro\u00dfz\u00fcgige Spenden verschiedener Stiftungen und vieler Einzelpersonen haben die Umbau- und Einrichtungskosten mitfinanziert.<\/p>\n\n\n\n<p>Nachdem die R\u00e4umlichkeiten und das Mobiliar bereitgestellt waren, hat sich der F\u00f6rderverein vielf\u00e4ltigen weiteren Aufgaben gewidmet. So hat er viel Geld in die Restaurierung besch\u00e4digter B\u00fccher und Schriften durch eine Fachwerkstatt investiert. <\/p>\n\n\n\n<p>Er f\u00f6rdert die materielle und personelle Ausstattung der im Schulgeb\u00e4ude eingerichteten Buchwerkstatt, wo neben der S\u00e4uberung und Pflege der alten B\u00fccher auch leichtere Einband- und Papiersch\u00e4den behoben werden und Bindungen aktueller Schriften stattfinden.<\/p>\n\n\n\n<p><\/p>\n\n\n\n<figure class=\"wp-block-image aligncenter size-full is-resized\"><img loading=\"lazy\" decoding=\"async\" src=\"https:\/\/www.foerderverein-bibliothek.de\/wp-content\/uploads\/2022\/09\/00k_Restau-1.jpg\" alt=\"\" class=\"wp-image-453\" width=\"521\" height=\"345\" srcset=\"https:\/\/www.foerderverein-bibliothek.de\/wp-content\/uploads\/2022\/09\/00k_Restau-1.jpg 900w, https:\/\/www.foerderverein-bibliothek.de\/wp-content\/uploads\/2022\/09\/00k_Restau-1-300x199.jpg 300w, https:\/\/www.foerderverein-bibliothek.de\/wp-content\/uploads\/2022\/09\/00k_Restau-1-768x510.jpg 768w\" sizes=\"auto, (max-width: 521px) 100vw, 521px\" \/><\/figure>\n\n\n\n<p>Der F\u00f6rderverein unterst\u00fctzt die laufende Bibliotheksarbeit wo immer dies n\u00f6tig ist, u.a. durch Anschaffung von B\u00fcchern und Medien sowie Software (z.B. zum digitalen Katalogisieren im GBV und im \u00d6VK &#8211; beides Verbundkataloge deutscher Bibliotheken). Die ehrenamtliche T\u00e4tigkeit des Vereinsvorstands macht es m\u00f6glich, dass regelm\u00e4\u00dfig Buchausstellungen zu interessanten Themen stattfinden. Die entsprechenden B\u00fccher kommen aus dem Eigenbestand, Druckkosten f\u00fcr Werbeflyer und Plakate kommen aus dem Topf des F\u00f6rdervereins.<\/p>\n\n\n\n<p>Der F\u00f6rderverein finanziert den Druck von Faksimile-Ausgaben relevanter Schriften, von Sonderdrucken zu die Sammlung betreffenden Themen oder von Texten \u00fcber die Bibliothek an sich.<\/p>\n\n\n\n<p>All diese T\u00e4tigkeiten sind niemals abgeschlossen, aber ein Zwischenziel wurde erreicht: den Menschen in Jever und der Region ist ein bedeutsamer und in seiner Art einzigartiger Kulturschatz zug\u00e4nglich gemacht worden.<\/p>\n","protected":false},"excerpt":{"rendered":"<p>Als der F\u00f6rderverein Bibliothek des Mariengymnasiums e. V. Jever im November 1998 gegr\u00fcndet wurde, stellte sich die damalige Situation der Bibliothek h\u00f6chst unbefriedigend dar. Der aktuelle B\u00fccherbestand war auf drei unterschiedliche Buchsammlungen mit unterschiedlichen Systematiken innerhalb der Schule verteilt und die historische Bibliothek fristete im Keller ein Schattendasein. Der Verein setzte es sich daher zum [&hellip;]<\/p>\n","protected":false},"author":1,"featured_media":0,"parent":175,"menu_order":10,"comment_status":"closed","ping_status":"closed","template":"","meta":{"_editorskit_title_hidden":false,"_editorskit_reading_time":2,"_editorskit_is_block_options_detached":false,"_editorskit_block_options_position":"{}","footnotes":""},"class_list":["post-148","page","type-page","status-publish","hentry"],"_links":{"self":[{"href":"https:\/\/www.foerderverein-bibliothek.de\/index.php?rest_route=\/wp\/v2\/pages\/148","targetHints":{"allow":["GET"]}}],"collection":[{"href":"https:\/\/www.foerderverein-bibliothek.de\/index.php?rest_route=\/wp\/v2\/pages"}],"about":[{"href":"https:\/\/www.foerderverein-bibliothek.de\/index.php?rest_route=\/wp\/v2\/types\/page"}],"author":[{"embeddable":true,"href":"https:\/\/www.foerderverein-bibliothek.de\/index.php?rest_route=\/wp\/v2\/users\/1"}],"replies":[{"embeddable":true,"href":"https:\/\/www.foerderverein-bibliothek.de\/index.php?rest_route=%2Fwp%2Fv2%2Fcomments&post=148"}],"version-history":[{"count":13,"href":"https:\/\/www.foerderverein-bibliothek.de\/index.php?rest_route=\/wp\/v2\/pages\/148\/revisions"}],"predecessor-version":[{"id":1059,"href":"https:\/\/www.foerderverein-bibliothek.de\/index.php?rest_route=\/wp\/v2\/pages\/148\/revisions\/1059"}],"up":[{"embeddable":true,"href":"https:\/\/www.foerderverein-bibliothek.de\/index.php?rest_route=\/wp\/v2\/pages\/175"}],"wp:attachment":[{"href":"https:\/\/www.foerderverein-bibliothek.de\/index.php?rest_route=%2Fwp%2Fv2%2Fmedia&parent=148"}],"curies":[{"name":"wp","href":"https:\/\/api.w.org\/{rel}","templated":true}]}}